{"id":3,"date":"2023-04-16T16:26:50","date_gmt":"2023-04-16T16:26:50","guid":{"rendered":"https:\/\/fah-leather.com\/webshop2\/?page_id=3"},"modified":"2023-04-25T22:08:43","modified_gmt":"2023-04-25T22:08:43","slug":"zastita-privatnosti","status":"publish","type":"page","link":"https:\/\/fah-leather.com\/webshop\/zastita-privatnosti\/","title":{"rendered":"Za\u0161tita privatnosti"},"content":{"rendered":"\t\t<div data-elementor-type=\"wp-page\" data-elementor-id=\"3\" class=\"elementor elementor-3\">\n\t\t\t\t<div class=\"elementor-element elementor-element-98117d1 e-flex e-con-boxed lakit-col-width-auto-no e-container e-root-container elementor-top-section e-con e-parent\" data-id=\"98117d1\" data-element_type=\"container\">\n\t\t\t\t\t<div class=\"e-con-inner\">\n\t\t\t\t<div class=\"elementor-element elementor-element-15e936a elementor-widget elementor-widget-text-editor\" data-id=\"15e936a\" data-element_type=\"widget\" data-widget_type=\"text-editor.default\">\n\t\t\t\t<div class=\"elementor-widget-container\">\n\t\t\t\t\t\t\t\t\t<p>U skladu sa va\u017ee\u0107im Zakonom o za\u0161titi osobnih podataka, FAH-Ko\u017ear d.o.o. Visoko\u00a0 je obavezan pru\u017eiti za\u0161titu svih prikupljenih podataka kupaca. Prikupljamo samo nu\u017ene, osnovne podatke o kupcima\/potro\u0161a\u010dima koji su nu\u017eni za ispunjenje na\u0161ih obaveza.<\/p>\n<p>Svi podaci o na\u0161im kupcima se strogo \u010duvaju i dostupni su samo uposlenicima kojima su podaci nu\u017eni za obavljanje posla. Svi na\u0161i uposlenici i poslovni partneri odgovorni su za po\u0161tivanje na\u010dela za\u0161tite privatnosti podataka. Prikupljeni podaci se \u010duvaju trajno odnosno do opoziva od strane kupca. Isti podaci se koriste za: isporuku narud\u017ebi, pru\u017eanje podr\u0161ke, slanje informativnih i promotivnih obavje\u0161tenja putem sms\/viber\/e-mail komunikacijskih kanala, obradu reklamacija i garancija.<\/p>\n<p>U slu\u010daju da imate bilo kakvih pitanja u vezi za\u0161tite privatnosti podataka mo\u017eete nas kontaktirati na: +387 32 740 116 ili putem e-maila info@fah-leather.com.<\/p>\t\t\t\t\t\t\t\t<\/div>\n\t\t\t\t<\/div>\n\t\t\t\t<div class=\"elementor-element elementor-element-ce0fcae elementor-widget elementor-widget-spacer\" data-id=\"ce0fcae\" data-element_type=\"widget\" data-widget_type=\"spacer.default\">\n\t\t\t\t<div class=\"elementor-widget-container\">\n\t\t\t\t\t\t\t<div class=\"elementor-spacer\">\n\t\t\t<div class=\"elementor-spacer-inner\"><\/div>\n\t\t<\/div>\n\t\t\t\t\t\t<\/div>\n\t\t\t\t<\/div>\n\t\t\t\t\t<\/div>\n\t\t\t\t<\/div>\n\t\t\t\t<\/div>\n\t\t","protected":false},"excerpt":{"rendered":"<p>U skladu sa va\u017ee\u0107im Zakonom o za\u0161titi osobnih podataka, FAH-Ko\u017ear d.o.o. Visoko\u00a0 je obavezan pru\u017eiti za\u0161titu svih prikupljenih podataka kupaca. Prikupljamo samo nu\u017ene, osnovne podatke o kupcima\/potro\u0161a\u010dima koji su nu\u017eni za ispunjenje na\u0161ih obaveza. Svi podaci o na\u0161im kupcima se strogo \u010duvaju i dostupni su samo uposlenicima kojima su podaci nu\u017eni&hellip;<\/p>\n","protected":false},"author":1,"featured_media":0,"parent":0,"menu_order":0,"comment_status":"closed","ping_status":"closed","template":"","meta":{"footnotes":""},"class_list":["post-3","page","type-page","status-publish","hentry"],"_links":{"self":[{"href":"https:\/\/fah-leather.com\/webshop\/wp-json\/wp\/v2\/pages\/3","targetHints":{"allow":["GET"]}}],"collection":[{"href":"https:\/\/fah-leather.com\/webshop\/wp-json\/wp\/v2\/pages"}],"about":[{"href":"https:\/\/fah-leather.com\/webshop\/wp-json\/wp\/v2\/types\/page"}],"author":[{"embeddable":true,"href":"https:\/\/fah-leather.com\/webshop\/wp-json\/wp\/v2\/users\/1"}],"replies":[{"embeddable":true,"href":"https:\/\/fah-leather.com\/webshop\/wp-json\/wp\/v2\/comments?post=3"}],"version-history":[{"count":8,"href":"https:\/\/fah-leather.com\/webshop\/wp-json\/wp\/v2\/pages\/3\/revisions"}],"predecessor-version":[{"id":3751,"href":"https:\/\/fah-leather.com\/webshop\/wp-json\/wp\/v2\/pages\/3\/revisions\/3751"}],"wp:attachment":[{"href":"https:\/\/fah-leather.com\/webshop\/wp-json\/wp\/v2\/media?parent=3"}],"curies":[{"name":"wp","href":"https:\/\/api.w.org\/{rel}","templated":true}]}}