{"id":3752,"date":"2023-04-25T22:09:41","date_gmt":"2023-04-25T22:09:41","guid":{"rendered":"https:\/\/fah-leather.com\/webshop2\/?page_id=3752"},"modified":"2023-04-26T12:55:38","modified_gmt":"2023-04-26T12:55:38","slug":"uvjeti-kupnje","status":"publish","type":"page","link":"https:\/\/fah-leather.com\/webshop\/uvjeti-kupnje\/","title":{"rendered":"Uvjeti kupnje"},"content":{"rendered":"\t\t<div data-elementor-type=\"wp-page\" data-elementor-id=\"3752\" class=\"elementor elementor-3752\">\n\t\t\t\t<div class=\"elementor-element elementor-element-4d74f14 e-flex e-con-boxed lakit-col-width-auto-no e-container e-root-container elementor-top-section e-con e-parent\" data-id=\"4d74f14\" data-element_type=\"container\">\n\t\t\t\t\t<div class=\"e-con-inner\">\n\t\t\t\t<div class=\"elementor-element elementor-element-c388421 elementor-widget elementor-widget-text-editor\" data-id=\"c388421\" data-element_type=\"widget\" data-widget_type=\"text-editor.default\">\n\t\t\t\t<div class=\"elementor-widget-container\">\n\t\t\t\t\t\t\t\t\t<p>Definicija pojmovima<br \/>Prodavatelj &#8211; FAH-Ko\u017ear d.o.o. Visoko, koji prodaje proizvode putem online trgovine na www.fah-leather.com\/webshop.<br \/>Kupac &#8211; osoba koja naru\u010duje i kupuje proizvode putem online trgovine.<br \/>Proizvodi &#8211; artikli koje Prodavatelj nudi na prodaju putem online trgovine.<br \/>Narud\u017eba &#8211; kupnja proizvoda koje Kupac odabere putem online trgovine.<\/p><p>Prihva\u0107anje uvjeta kupovine<br \/>Kori\u0161tenjem online trgovine www.fah-leather.com\/webshop i registracijom, Kupac prihva\u0107a ove Uvjete kupovine. Prodavatelj zadr\u017eava pravo promjene uvjeta kupovine bez prethodne najave. Promjene stupaju na snagu objavljivanjem na ovoj stranici.<\/p><p>Registracija korisnika<br \/>Da bi naru\u010dio proizvode putem online trgovine, Kupac mora izvr\u0161iti registraciju. Registracija je besplatna i omogu\u0107ava Kupcu da pristupa svim dostupnim funkcijama online trgovine. Kupac je du\u017ean unijeti to\u010dne, potpune i a\u017eurne podatke prilikom registracije.<\/p><p>Narud\u017ebe<br \/>Kupac mo\u017ee naru\u010diti proizvode putem online trgovine tako da odabere \u017eeljene proizvode i doda ih u ko\u0161aricu. Nakon \u0161to je odabrao sve \u017eeljene proizvode, Kupac mora odabrati na\u010din dostave i na\u010din pla\u0107anja te potvrditi narud\u017ebu. Potvr\u0111ivanjem narud\u017ebe, Kupac se obvezuje platiti naru\u010dene proizvode. Prodavatelj \u0107e potvrditi narud\u017ebu putem e-maila.<\/p><p>Cijene<br \/>Sve cijene proizvoda na online trgovini izra\u017eene su u lokalnoj valuti i uklju\u010duju PDV. Prodavatelj zadr\u017eava pravo promjene cijena bez prethodne najave. Cijene na dan narud\u017ebe primjenjuju se na sve narud\u017ebe.<\/p><p>Dostava<br \/>Prodavatelj \u0107e isporu\u010diti naru\u010dene proizvode na adresu dostave koju je Kupac naveo prilikom narud\u017ebe. Rok dostave ovisi o dostupnosti proizvoda i odabranoj opciji dostave. Prodavatelj nije odgovoran za ka\u0161njenje dostave uslijed nepredvidivih okolnosti koje su izvan njegove kontrole.<\/p><p>Raskid ugovora<br \/>Kupac ima pravo raskinuti ugovor o kupnji u roku od 14 (\u010detrnaest) dana od dana primitka proizvoda, bez navo\u0111enja razloga. Da bi ostvario pravo na raskid ugovora, Kupac mora obavijestiti Prodavatelja o svojoj odluci raskinuti ugovor putem pisane izjave (e-mailom, po\u0161tom ili faksom). Proizvodi moraju biti vra\u0107eni u originalnom, nekori\u0161tenom stanju, sa svim pripadaju\u0107im etiketama i ambala\u017eom. Tro\u0161kove povrata robe snosi Kupac.<\/p><p>Reklamacije i povrat novca<br \/>U slu\u010daju opravdane reklamacije, Kupac ima pravo tra\u017eiti zamjenu proizvoda ili povrat novca. Kupac mora obavijestiti Prodavatelja o razlogu reklamacije putem e-maila ili telefona u roku od 8 (osam) dana od dana primitka proizvoda. Proizvodi moraju biti vra\u0107eni u originalnom, nekori\u0161tenom stanju, sa svim pripadaju\u0107im etiketama i ambala\u017eom. Tro\u0161kove povrata robe snosi Kupac.<\/p><p>Odgovornost za gre\u0161ke na stranici<br \/>Prodavatelj nastoji osigurati to\u010dnost i a\u017eurnost informacija na svojoj online trgovini, ali ne mo\u017ee jam\u010diti da su sve informacije to\u010dne i potpune. Prodavatelj ne preuzima odgovornost za eventualne pogre\u0161ke u opisima proizvoda, cijenama, dostupnosti ili drugim informacijama na online trgovini.<\/p><p>Autorska prava<br \/>Sve fotografije, tekstovi, dizajn i ostali materijali na online trgovini za\u0161ti\u0107eni su autorskim pravima i ne smiju se koristiti bez prethodnog pisanog odobrenja Prodavatelja.<\/p><p>Mijenjanje uvjeta kupovine<br \/>Prodavatelj zadr\u017eava pravo promjene ovih Uvjeta kupovine u bilo kojem trenutku. Promjene stupaju na snagu objavljivanjem na ovoj stranici. Kupci su du\u017eni redovito provjeravati uvjete kupovine kako bi bili svjesni svih promjena.<\/p><p>Zakon i nadle\u017enost<br \/>Ovi Uvjeti kupovine ure\u0111eni su i tuma\u010de se u skladu sa zakonodavstvom zemlje u kojoj se nalazi Prodavatelj. U slu\u010daju spora izme\u0111u Prodavatelja i Kupca, stranke se obvezuju poku\u0161ati spor rije\u0161iti mirnim putem, a ako to nije mogu\u0107e, spor \u0107e biti podvrgnut nadle\u017enosti nadle\u017enog suda u zemlji Prodavatelja.<\/p><p>Kontakt informacije<br \/>Ako imate pitanja ili nedoumica u vezi s ovim Uvjetima kupovine, slobodno nas kontaktirajte putem e-maila na info@fah-leather.com ili telefonom na +387 32 740 116.<\/p>\t\t\t\t\t\t\t\t<\/div>\n\t\t\t\t<\/div>\n\t\t\t\t\t<\/div>\n\t\t\t\t<\/div>\n\t\t\t\t<\/div>\n\t\t","protected":false},"excerpt":{"rendered":"<p>Definicija pojmovimaProdavatelj &#8211; FAH-Ko\u017ear d.o.o. Visoko, koji prodaje proizvode putem online trgovine na www.fah-leather.com\/webshop.Kupac &#8211; osoba koja naru\u010duje i kupuje proizvode putem online trgovine.Proizvodi &#8211; artikli koje Prodavatelj nudi na prodaju putem online trgovine.Narud\u017eba &#8211; kupnja proizvoda koje Kupac odabere putem online trgovine. Prihva\u0107anje uvjeta kupovineKori\u0161tenjem online trgovine www.fah-leather.com\/webshop i registracijom,&hellip;<\/p>\n","protected":false},"author":1,"featured_media":0,"parent":0,"menu_order":0,"comment_status":"closed","ping_status":"closed","template":"","meta":{"footnotes":""},"class_list":["post-3752","page","type-page","status-publish","hentry"],"_links":{"self":[{"href":"https:\/\/fah-leather.com\/webshop\/wp-json\/wp\/v2\/pages\/3752","targetHints":{"allow":["GET"]}}],"collection":[{"href":"https:\/\/fah-leather.com\/webshop\/wp-json\/wp\/v2\/pages"}],"about":[{"href":"https:\/\/fah-leather.com\/webshop\/wp-json\/wp\/v2\/types\/page"}],"author":[{"embeddable":true,"href":"https:\/\/fah-leather.com\/webshop\/wp-json\/wp\/v2\/users\/1"}],"replies":[{"embeddable":true,"href":"https:\/\/fah-leather.com\/webshop\/wp-json\/wp\/v2\/comments?post=3752"}],"version-history":[{"count":8,"href":"https:\/\/fah-leather.com\/webshop\/wp-json\/wp\/v2\/pages\/3752\/revisions"}],"predecessor-version":[{"id":4020,"href":"https:\/\/fah-leather.com\/webshop\/wp-json\/wp\/v2\/pages\/3752\/revisions\/4020"}],"wp:attachment":[{"href":"https:\/\/fah-leather.com\/webshop\/wp-json\/wp\/v2\/media?parent=3752"}],"curies":[{"name":"wp","href":"https:\/\/api.w.org\/{rel}","templated":true}]}}