{"id":3758,"date":"2023-04-25T22:12:45","date_gmt":"2023-04-25T22:12:45","guid":{"rendered":"https:\/\/fah-leather.com\/webshop2\/?page_id=3758"},"modified":"2023-04-26T10:20:36","modified_gmt":"2023-04-26T10:20:36","slug":"povrat-i-reklamacije","status":"publish","type":"page","link":"https:\/\/fah-leather.com\/webshop\/povrat-i-reklamacije\/","title":{"rendered":"Povrat i reklamacije"},"content":{"rendered":"\t\t<div data-elementor-type=\"wp-page\" data-elementor-id=\"3758\" class=\"elementor elementor-3758\">\n\t\t\t\t<div class=\"elementor-element elementor-element-4d74f14 e-flex e-con-boxed lakit-col-width-auto-no e-container e-root-container elementor-top-section e-con e-parent\" data-id=\"4d74f14\" data-element_type=\"container\">\n\t\t\t\t\t<div class=\"e-con-inner\">\n\t\t\t\t<div class=\"elementor-element elementor-element-c388421 elementor-widget elementor-widget-text-editor\" data-id=\"c388421\" data-element_type=\"widget\" data-widget_type=\"text-editor.default\">\n\t\t\t\t<div class=\"elementor-widget-container\">\n\t\t\t\t\t\t\t\t\t<p>Prodavatelj se obvezuje isporu\u010diti proizvod koji je tehni\u010dki ispravan te odgovara opisu proizvoda navedenom na www.fah-leather.com\/webshop. Slika koja ilustrira proizvod na Internet stranici ne mora odgovarati stvarnom izgledu proizvoda te kupac ne mo\u017ee reklamirati ovaj segment.<\/p><p>U slu\u010daju tehni\u010dke neispravnosti audio zapisa koji su pohranjeni na prijenosniku zvuka prodavatelj preuzima potpunu odgovornost. U slu\u010daju tehni\u010dke neispravnosti, kupac je du\u017ean reklamirati proizvod u roku od 4 (\u010detiri) radna dana. Nakon \u0161to reklamira tehni\u010dku neispravnost kupac je du\u017ean po\u0161tom, uz dostavnicu, vratiti tehni\u010dki neispravan prijenosnik zvuka nakon \u010dega \u0107e prodavatelj u roku od 3(tri) radna dana poslati kupcu zamjenski proizvod, bez ikakve naknade. U slu\u010daju gore navedenog kupac nema pravo tra\u017eiti povrat novca, ve\u0107<br \/>isklju\u010divo zamjenski proizvod.<\/p><p>Prodavatelj nije odgovoran za eventualna o\u0161te\u0107enja i ostale obveze koje se nalaze u domeni dostavlja\u010da (preduze\u0107e koje obavlja poslove dostave proizvoda). Ako kupac odabere opciju downloada proizvoda te kupac ne bude u mogu\u0107nosti obaviti download zbog tehni\u010dkih problema uzrokovanih na serveru prodavatelja prodavatelj se obvezuje poslati elektronsku po\u0161tu sa novom<br \/>mogu\u0107nosti za download za \u0161to kupac ne snosi nikakve tro\u0161kove.<\/p><p>U slu\u010daju da kupac niti tada ne bude u stanju obaviti download koji je uzrokovan zbog tehni\u010dkih problema na serveru prodavatelja, kupac je du\u017ean o tome kontaktirati prodajnu slu\u017ebu prodavatelja koja \u0107e ponuditi adekvatno rje\u0161enje koje u sebi ne\u0107e sadr\u017eavati nikakvu naknadu i daljnje tro\u0161kove od strane kupca. Kupac nema pravo tra\u017eiti povrat novca u ovoj situaciji<\/p>\t\t\t\t\t\t\t\t<\/div>\n\t\t\t\t<\/div>\n\t\t\t\t\t<\/div>\n\t\t\t\t<\/div>\n\t\t\t\t<\/div>\n\t\t","protected":false},"excerpt":{"rendered":"<p>Prodavatelj se obvezuje isporu\u010diti proizvod koji je tehni\u010dki ispravan te odgovara opisu proizvoda navedenom na www.fah-leather.com\/webshop. Slika koja ilustrira proizvod na Internet stranici ne mora odgovarati stvarnom izgledu proizvoda te kupac ne mo\u017ee reklamirati ovaj segment. U slu\u010daju tehni\u010dke neispravnosti audio zapisa koji su pohranjeni na prijenosniku zvuka prodavatelj preuzima potpunu&hellip;<\/p>\n","protected":false},"author":1,"featured_media":0,"parent":0,"menu_order":0,"comment_status":"closed","ping_status":"closed","template":"","meta":{"footnotes":""},"class_list":["post-3758","page","type-page","status-publish","hentry"],"_links":{"self":[{"href":"https:\/\/fah-leather.com\/webshop\/wp-json\/wp\/v2\/pages\/3758","targetHints":{"allow":["GET"]}}],"collection":[{"href":"https:\/\/fah-leather.com\/webshop\/wp-json\/wp\/v2\/pages"}],"about":[{"href":"https:\/\/fah-leather.com\/webshop\/wp-json\/wp\/v2\/types\/page"}],"author":[{"embeddable":true,"href":"https:\/\/fah-leather.com\/webshop\/wp-json\/wp\/v2\/users\/1"}],"replies":[{"embeddable":true,"href":"https:\/\/fah-leather.com\/webshop\/wp-json\/wp\/v2\/comments?post=3758"}],"version-history":[{"count":4,"href":"https:\/\/fah-leather.com\/webshop\/wp-json\/wp\/v2\/pages\/3758\/revisions"}],"predecessor-version":[{"id":3783,"href":"https:\/\/fah-leather.com\/webshop\/wp-json\/wp\/v2\/pages\/3758\/revisions\/3783"}],"wp:attachment":[{"href":"https:\/\/fah-leather.com\/webshop\/wp-json\/wp\/v2\/media?parent=3758"}],"curies":[{"name":"wp","href":"https:\/\/api.w.org\/{rel}","templated":true}]}}