{"id":3760,"date":"2023-04-25T22:13:21","date_gmt":"2023-04-25T22:13:21","guid":{"rendered":"https:\/\/fah-leather.com\/webshop2\/?page_id=3760"},"modified":"2023-04-26T09:16:44","modified_gmt":"2023-04-26T09:16:44","slug":"dostava-i-isporuka","status":"publish","type":"page","link":"https:\/\/fah-leather.com\/webshop\/dostava-i-isporuka\/","title":{"rendered":"Dostava i isporuka"},"content":{"rendered":"\t\t<div data-elementor-type=\"wp-page\" data-elementor-id=\"3760\" class=\"elementor elementor-3760\">\n\t\t\t\t<div class=\"elementor-element elementor-element-4d74f14 e-flex e-con-boxed lakit-col-width-auto-no e-container e-root-container elementor-top-section e-con e-parent\" data-id=\"4d74f14\" data-element_type=\"container\">\n\t\t\t\t\t<div class=\"e-con-inner\">\n\t\t\t\t<div class=\"elementor-element elementor-element-c388421 elementor-widget elementor-widget-text-editor\" data-id=\"c388421\" data-element_type=\"widget\" data-widget_type=\"text-editor.default\">\n\t\t\t\t<div class=\"elementor-widget-container\">\n\t\t\t\t\t\t\t\t\t<p>Naru\u010deni proizvodi pakiraju se na na\u010din da tokom uobi\u010dajene manipulacije ne budu o\u0161te\u0107eni. Prilikom preuzimanja kupac je du\u017ean provjeriti stanje po\u0161iljke te u slu\u010daju o\u0161te\u0107enja odmah reklamirati proizvod dostavlja\u010du (zaposleniku tvrtke koja vr\u0161i dostavu). Prodavatelj se odri\u010de svake odgovornosti u vezi o\u0161te\u0107enja koja mogu nastati prilikom dostave.<\/p><p>Ako kupac ne primi robu, ili obavijest o isporuci, nakon \u0161to je poslana, u o\u010dekivanom vremenu, kupac ima pravo o tome obavijestiti prodavatelj kako bi se poduzele radnje pronalaska po\u0161iljke ili kako bi se poslala zamjenska po\u0161iljka.<\/p><p>Ako kupac odbije primiti robu koju je naru\u010dio od prodavatelja ima pravo tra\u017eiti od kupca nadoknadu svih tro\u0161kova koji su vezani za isporuku.<\/p><p>Prodavatelj se obvezuje poslati po\u0161iljku kupcu onoga trenutka kada zaprimi potvrdu kojom se odobrava online transakcija. Nakon zaprimanja te potvrde prodavatelj se obvezuje poslati po\u0161iljku u roku do 5 (pet) radnih dana. Nakon \u0161to dostavlja\u010d (tvrtka koja vr\u0161i dostavu) zaprimi po\u0161iljku od strane prodavatelja, prodavatelj vi\u0161e nije odgovoran za daljnji tok isporuke i eventualna ka\u0161njenja te probleme koji mogu nastati u vezi daljnje manipulacije i isporuke robe.<\/p><p>Ako kupac umjesto dostave izabere opciju downloada proizvoda, prodavatelj se obvezuje poslati obavijest isklju\u010divo u obliku elektronske po\u0161te kupcu na kojoj \u0107e se nalaziti linkovi za download i upute. Nakon primitka elektronske po\u0161te (obavijesti o downloadu) kupac mo\u017ee odmah pristupiti downloadu proizvoda<\/p>\t\t\t\t\t\t\t\t<\/div>\n\t\t\t\t<\/div>\n\t\t\t\t\t<\/div>\n\t\t\t\t<\/div>\n\t\t\t\t<\/div>\n\t\t","protected":false},"excerpt":{"rendered":"<p>Naru\u010deni proizvodi pakiraju se na na\u010din da tokom uobi\u010dajene manipulacije ne budu o\u0161te\u0107eni. Prilikom preuzimanja kupac je du\u017ean provjeriti stanje po\u0161iljke te u slu\u010daju o\u0161te\u0107enja odmah reklamirati proizvod dostavlja\u010du (zaposleniku tvrtke koja vr\u0161i dostavu). Prodavatelj se odri\u010de svake odgovornosti u vezi o\u0161te\u0107enja koja mogu nastati prilikom dostave. Ako kupac ne primi&hellip;<\/p>\n","protected":false},"author":1,"featured_media":0,"parent":0,"menu_order":0,"comment_status":"closed","ping_status":"closed","template":"","meta":{"footnotes":""},"class_list":["post-3760","page","type-page","status-publish","hentry"],"_links":{"self":[{"href":"https:\/\/fah-leather.com\/webshop\/wp-json\/wp\/v2\/pages\/3760","targetHints":{"allow":["GET"]}}],"collection":[{"href":"https:\/\/fah-leather.com\/webshop\/wp-json\/wp\/v2\/pages"}],"about":[{"href":"https:\/\/fah-leather.com\/webshop\/wp-json\/wp\/v2\/types\/page"}],"author":[{"embeddable":true,"href":"https:\/\/fah-leather.com\/webshop\/wp-json\/wp\/v2\/users\/1"}],"replies":[{"embeddable":true,"href":"https:\/\/fah-leather.com\/webshop\/wp-json\/wp\/v2\/comments?post=3760"}],"version-history":[{"count":7,"href":"https:\/\/fah-leather.com\/webshop\/wp-json\/wp\/v2\/pages\/3760\/revisions"}],"predecessor-version":[{"id":3775,"href":"https:\/\/fah-leather.com\/webshop\/wp-json\/wp\/v2\/pages\/3760\/revisions\/3775"}],"wp:attachment":[{"href":"https:\/\/fah-leather.com\/webshop\/wp-json\/wp\/v2\/media?parent=3760"}],"curies":[{"name":"wp","href":"https:\/\/api.w.org\/{rel}","templated":true}]}}