{"id":3763,"date":"2023-04-25T22:14:41","date_gmt":"2023-04-25T22:14:41","guid":{"rendered":"https:\/\/fah-leather.com\/webshop2\/?page_id=3763"},"modified":"2023-04-27T12:06:39","modified_gmt":"2023-04-27T12:06:39","slug":"nacini-placanja","status":"publish","type":"page","link":"https:\/\/fah-leather.com\/webshop\/nacini-placanja\/","title":{"rendered":"Na\u010dini pla\u0107anja"},"content":{"rendered":"\t\t<div data-elementor-type=\"wp-page\" data-elementor-id=\"3763\" class=\"elementor elementor-3763\">\n\t\t\t\t<div class=\"elementor-element elementor-element-4d74f14 e-flex e-con-boxed lakit-col-width-auto-no e-container e-root-container elementor-top-section e-con e-parent\" data-id=\"4d74f14\" data-element_type=\"container\">\n\t\t\t\t\t<div class=\"e-con-inner\">\n\t\t\t\t<div class=\"elementor-element elementor-element-c388421 elementor-widget elementor-widget-text-editor\" data-id=\"c388421\" data-element_type=\"widget\" data-widget_type=\"text-editor.default\">\n\t\t\t\t<div class=\"elementor-widget-container\">\n\t\t\t\t\t\t\t\t\t<p>Pla\u0107anje u na\u0161oj online trgovini putem debitnih ili kreditnih kartica je u potpunosti sigurno. FAH-Ko\u017ear d.o.o. Visoko kao garanciju sigurnosti transakcija koristi karti\u010dnog operatera (Payment Gateway Operator)<\/p><p>Monri Payments d.o.o. koji je implementirao maksimalne sigurnosne parametre kao sto su PCI DSS Level 1 i 3D Secure \u010dime je obezbije\u0111ena sigurnost enkripcije va\u0161ih podataka. Prilikom pla\u0107anja putem online trgovine FAH-Ko\u017ear d.o.o. Visoko ne obra\u0111uje i ne zadr\u017eava podatke o va\u0161im karticama.<\/p>\t\t\t\t\t\t\t\t<\/div>\n\t\t\t\t<\/div>\n\t\t\t\t\t<\/div>\n\t\t\t\t<\/div>\n\t\t<div class=\"elementor-element elementor-element-a7a1da4 e-flex e-con-boxed lakit-col-width-auto-no e-container e-root-container elementor-top-section e-con e-parent\" data-id=\"a7a1da4\" data-element_type=\"container\">\n\t\t\t\t\t<div class=\"e-con-inner\">\n\t\t\t\t<div class=\"elementor-element elementor-element-9ca753a elementor-widget elementor-widget-text-editor\" data-id=\"9ca753a\" data-element_type=\"widget\" data-widget_type=\"text-editor.default\">\n\t\t\t\t<div class=\"elementor-widget-container\">\n\t\t\t\t\t\t\t\t\t<p>Tajnost Va\u0161ih podataka je za\u0161ti\u0107ena i osigurana uporabom TLS enkripcije. Stranice za naplatu putem interneta osigurane su kori\u0161tenjem Secure Socket Layer (SSL) protokola sa 128-bitnom enkripcijom podataka. SSL enkripcija je postupak \u0161ifriranja podataka radi sprje\u010davanja neovla\u0161tenog pristupa prilikom njihovog prijenosa. Time je omogu\u0107en siguran prijenos informacija te onemogu\u0107en nedozvoljen pristup podacima prilikom komunikacije izme\u0111u korisnikovog ra\u010dunala i WebPay servisa, te obratno. WebPay servis i financijske ustanove razmjenjuju podatke uporabom virtualne privatne mre\u017ee (VPN), koja je za\u0161ti\u0107ena od neautoriziranog pristupa. Monri Payment Gateway je certificiran prema PCI DSS Level 1 sigurnosnom standardu propisanom Visa i Mastercard pravilima. Trgovac ne pohranjuje brojeve kreditnih kartica i brojevi nisu dostupni neovla\u0161tenim osobama.<\/p>\t\t\t\t\t\t\t\t<\/div>\n\t\t\t\t<\/div>\n\t\t\t\t\t<\/div>\n\t\t\t\t<\/div>\n\t\t<div class=\"elementor-element elementor-element-c9362f5 e-flex e-con-boxed lakit-col-width-auto-no e-container e-root-container elementor-top-section e-con e-parent\" data-id=\"c9362f5\" data-element_type=\"container\">\n\t\t\t\t\t<div class=\"e-con-inner\">\n\t\t\t\t<div class=\"elementor-element elementor-element-263fe1d elementor-widget elementor-widget-spacer\" data-id=\"263fe1d\" data-element_type=\"widget\" data-widget_type=\"spacer.default\">\n\t\t\t\t<div class=\"elementor-widget-container\">\n\t\t\t\t\t\t\t<div class=\"elementor-spacer\">\n\t\t\t<div class=\"elementor-spacer-inner\"><\/div>\n\t\t<\/div>\n\t\t\t\t\t\t<\/div>\n\t\t\t\t<\/div>\n\t\t\t\t\t<\/div>\n\t\t\t\t<\/div>\n\t\t\t\t<\/div>\n\t\t","protected":false},"excerpt":{"rendered":"<p>Pla\u0107anje u na\u0161oj online trgovini putem debitnih ili kreditnih kartica je u potpunosti sigurno. FAH-Ko\u017ear d.o.o. Visoko kao garanciju sigurnosti transakcija koristi karti\u010dnog operatera (Payment Gateway Operator) Monri Payments d.o.o. koji je implementirao maksimalne sigurnosne parametre kao sto su PCI DSS Level 1 i 3D Secure \u010dime je obezbije\u0111ena sigurnost enkripcije&hellip;<\/p>\n","protected":false},"author":1,"featured_media":0,"parent":0,"menu_order":0,"comment_status":"closed","ping_status":"closed","template":"","meta":{"footnotes":""},"class_list":["post-3763","page","type-page","status-publish","hentry"],"_links":{"self":[{"href":"https:\/\/fah-leather.com\/webshop\/wp-json\/wp\/v2\/pages\/3763","targetHints":{"allow":["GET"]}}],"collection":[{"href":"https:\/\/fah-leather.com\/webshop\/wp-json\/wp\/v2\/pages"}],"about":[{"href":"https:\/\/fah-leather.com\/webshop\/wp-json\/wp\/v2\/types\/page"}],"author":[{"embeddable":true,"href":"https:\/\/fah-leather.com\/webshop\/wp-json\/wp\/v2\/users\/1"}],"replies":[{"embeddable":true,"href":"https:\/\/fah-leather.com\/webshop\/wp-json\/wp\/v2\/comments?post=3763"}],"version-history":[{"count":13,"href":"https:\/\/fah-leather.com\/webshop\/wp-json\/wp\/v2\/pages\/3763\/revisions"}],"predecessor-version":[{"id":3888,"href":"https:\/\/fah-leather.com\/webshop\/wp-json\/wp\/v2\/pages\/3763\/revisions\/3888"}],"wp:attachment":[{"href":"https:\/\/fah-leather.com\/webshop\/wp-json\/wp\/v2\/media?parent=3763"}],"curies":[{"name":"wp","href":"https:\/\/api.w.org\/{rel}","templated":true}]}}