{"id":3900,"date":"2023-07-19T11:14:06","date_gmt":"2023-07-19T11:14:06","guid":{"rendered":"https:\/\/fah-leather.com\/webshop\/?post_type=product&#038;p=3900"},"modified":"2023-07-19T11:16:57","modified_gmt":"2023-07-19T11:16:57","slug":"tepih-od-govedjeg-krzna","status":"publish","type":"product","link":"https:\/\/fah-leather.com\/webshop\/product\/tepih-od-govedjeg-krzna\/","title":{"rendered":"Tepih od gove\u0111eg krzna"},"content":{"rendered":"","protected":false},"excerpt":{"rendered":"<p>Tepih od prirodnog krzna ru\u010dno je izra\u0111en umetni\u010dki komad koji osvaja svojom pa\u017eljivo izvedenom izradom i jedinstvenim karakterom. Svaki detalj tepiha je pa\u017eljivo osmi\u0161ljen i izra\u0111en od strane ve\u0161tih majstora, koriste\u0107i tradicionalne tehnike ru\u010dnog tkanja i obrade krzna.<\/p>\n<p>Kvalitet prirodnog krzna koje se koristi za ovaj tepih je izvanredan. Svaki pramen krzna je bri\u017eljivo odabran kako bi se osigurala visoka kvaliteta i lepota tepiha. Prirodno krzno pru\u017ea tepihu prefinjeni sjaj i meko\u0107u koja ga izdvaja iz ostalih vrsta tepiha.<\/p>\n<p>Ru\u010dno tkanje tepiha omogu\u0107ava detaljan dizajn i izuzetnu preciznost. Ve\u0161ti majstori koriste razli\u010dite tehnike tkanja kako bi stvorili prelepe uzorke i teksture na tepihu. Ovi detalji daju tepihu jedinstven i umetni\u010dki izgled, \u010dine\u0107i ga pravom poslasticom za o\u010di.<\/p>\n","protected":false},"featured_media":3902,"comment_status":"open","ping_status":"closed","template":"","meta":[],"product_brand":[],"product_cat":[38,97],"product_tag":[],"class_list":{"0":"post-3900","1":"product","2":"type-product","3":"status-publish","4":"has-post-thumbnail","6":"product_cat-krzneni-cilimi","7":"product_cat-staze","9":"first","10":"instock","11":"taxable","12":"shipping-taxable","13":"purchasable","14":"product-type-simple"},"_links":{"self":[{"href":"https:\/\/fah-leather.com\/webshop\/wp-json\/wp\/v2\/product\/3900","targetHints":{"allow":["GET"]}}],"collection":[{"href":"https:\/\/fah-leather.com\/webshop\/wp-json\/wp\/v2\/product"}],"about":[{"href":"https:\/\/fah-leather.com\/webshop\/wp-json\/wp\/v2\/types\/product"}],"replies":[{"embeddable":true,"href":"https:\/\/fah-leather.com\/webshop\/wp-json\/wp\/v2\/comments?post=3900"}],"wp:featuredmedia":[{"embeddable":true,"href":"https:\/\/fah-leather.com\/webshop\/wp-json\/wp\/v2\/media\/3902"}],"wp:attachment":[{"href":"https:\/\/fah-leather.com\/webshop\/wp-json\/wp\/v2\/media?parent=3900"}],"wp:term":[{"taxonomy":"product_brand","embeddable":true,"href":"https:\/\/fah-leather.com\/webshop\/wp-json\/wp\/v2\/product_brand?post=3900"},{"taxonomy":"product_cat","embeddable":true,"href":"https:\/\/fah-leather.com\/webshop\/wp-json\/wp\/v2\/product_cat?post=3900"},{"taxonomy":"product_tag","embeddable":true,"href":"https:\/\/fah-leather.com\/webshop\/wp-json\/wp\/v2\/product_tag?post=3900"}],"curies":[{"name":"wp","href":"https:\/\/api.w.org\/{rel}","templated":true}]}}