{"id":3905,"date":"2023-07-19T11:17:42","date_gmt":"2023-07-19T11:17:42","guid":{"rendered":"https:\/\/fah-leather.com\/webshop\/?post_type=product&#038;p=3905"},"modified":"2023-07-19T11:19:21","modified_gmt":"2023-07-19T11:19:21","slug":"tepih-od-govedjeg-krzna-2","status":"publish","type":"product","link":"https:\/\/fah-leather.com\/webshop\/product\/tepih-od-govedjeg-krzna-2\/","title":{"rendered":"Tepih od gove\u0111eg krzna"},"content":{"rendered":"","protected":false},"excerpt":{"rendered":"<p>Krzneni tepih od gove\u0111e ko\u017ee je izuzetno elegantan i luksuzan dodatak enterijeru, koji kombinuje estetiku, udobnost i trajnost. Tepisi od govedje ko\u017ee su svestrani i mogu se koristiti u razli\u010ditim prostorijama, poput dnevnih boravaka, spava\u0107ih soba ili trpezarija. Bilo da se koriste kao centralni komad prostora ili kao detalj u dekoru, ovi tepisi dodaju sofisticiranu i luksuznu notu enterijeru.<\/p>\n","protected":false},"featured_media":3907,"comment_status":"open","ping_status":"closed","template":"","meta":[],"product_brand":[],"product_cat":[38],"product_tag":[],"class_list":{"0":"post-3905","1":"product","2":"type-product","3":"status-publish","4":"has-post-thumbnail","6":"product_cat-krzneni-cilimi","8":"first","9":"instock","10":"taxable","11":"shipping-taxable","12":"purchasable","13":"product-type-simple"},"_links":{"self":[{"href":"https:\/\/fah-leather.com\/webshop\/wp-json\/wp\/v2\/product\/3905","targetHints":{"allow":["GET"]}}],"collection":[{"href":"https:\/\/fah-leather.com\/webshop\/wp-json\/wp\/v2\/product"}],"about":[{"href":"https:\/\/fah-leather.com\/webshop\/wp-json\/wp\/v2\/types\/product"}],"replies":[{"embeddable":true,"href":"https:\/\/fah-leather.com\/webshop\/wp-json\/wp\/v2\/comments?post=3905"}],"wp:featuredmedia":[{"embeddable":true,"href":"https:\/\/fah-leather.com\/webshop\/wp-json\/wp\/v2\/media\/3907"}],"wp:attachment":[{"href":"https:\/\/fah-leather.com\/webshop\/wp-json\/wp\/v2\/media?parent=3905"}],"wp:term":[{"taxonomy":"product_brand","embeddable":true,"href":"https:\/\/fah-leather.com\/webshop\/wp-json\/wp\/v2\/product_brand?post=3905"},{"taxonomy":"product_cat","embeddable":true,"href":"https:\/\/fah-leather.com\/webshop\/wp-json\/wp\/v2\/product_cat?post=3905"},{"taxonomy":"product_tag","embeddable":true,"href":"https:\/\/fah-leather.com\/webshop\/wp-json\/wp\/v2\/product_tag?post=3905"}],"curies":[{"name":"wp","href":"https:\/\/api.w.org\/{rel}","templated":true}]}}