{"id":3911,"date":"2023-07-19T11:40:48","date_gmt":"2023-07-19T11:40:48","guid":{"rendered":"https:\/\/fah-leather.com\/webshop\/?post_type=product&#038;p=3911"},"modified":"2023-07-20T06:38:43","modified_gmt":"2023-07-20T06:38:43","slug":"masinski-sivena-staza","status":"publish","type":"product","link":"https:\/\/fah-leather.com\/webshop\/product\/masinski-sivena-staza\/","title":{"rendered":"Ma\u0161inski \u0161ivena staza"},"content":{"rendered":"","protected":false},"excerpt":{"rendered":"<p>Ova staza je izra\u0111ena od visokokvalitetnog krzna koje je pa\u017eljivo \u0161iveno ma\u0161inski kako bi se postigao savr\u0161en izgled i trajnost.<\/p>\n<p>Boja \u0161ivene staze od krzna pru\u017ea neutralnu i sofisticiranu osnovu koja se lako uklapa u razli\u010dite stilove enterijera. Siva boja je veoma svestrana i mo\u017ee se kombinovati sa drugim bojama i dekorativnim elementima.<\/p>\n","protected":false},"featured_media":3912,"comment_status":"open","ping_status":"closed","template":"","meta":[],"product_brand":[],"product_cat":[38,97],"product_tag":[],"class_list":{"0":"post-3911","1":"product","2":"type-product","3":"status-publish","4":"has-post-thumbnail","6":"product_cat-krzneni-cilimi","7":"product_cat-staze","9":"first","10":"instock","11":"taxable","12":"shipping-taxable","13":"purchasable","14":"product-type-simple"},"_links":{"self":[{"href":"https:\/\/fah-leather.com\/webshop\/wp-json\/wp\/v2\/product\/3911","targetHints":{"allow":["GET"]}}],"collection":[{"href":"https:\/\/fah-leather.com\/webshop\/wp-json\/wp\/v2\/product"}],"about":[{"href":"https:\/\/fah-leather.com\/webshop\/wp-json\/wp\/v2\/types\/product"}],"replies":[{"embeddable":true,"href":"https:\/\/fah-leather.com\/webshop\/wp-json\/wp\/v2\/comments?post=3911"}],"wp:featuredmedia":[{"embeddable":true,"href":"https:\/\/fah-leather.com\/webshop\/wp-json\/wp\/v2\/media\/3912"}],"wp:attachment":[{"href":"https:\/\/fah-leather.com\/webshop\/wp-json\/wp\/v2\/media?parent=3911"}],"wp:term":[{"taxonomy":"product_brand","embeddable":true,"href":"https:\/\/fah-leather.com\/webshop\/wp-json\/wp\/v2\/product_brand?post=3911"},{"taxonomy":"product_cat","embeddable":true,"href":"https:\/\/fah-leather.com\/webshop\/wp-json\/wp\/v2\/product_cat?post=3911"},{"taxonomy":"product_tag","embeddable":true,"href":"https:\/\/fah-leather.com\/webshop\/wp-json\/wp\/v2\/product_tag?post=3911"}],"curies":[{"name":"wp","href":"https:\/\/api.w.org\/{rel}","templated":true}]}}