{"id":3925,"date":"2023-07-20T13:30:54","date_gmt":"2023-07-20T13:30:54","guid":{"rendered":"https:\/\/fah-leather.com\/webshop\/?post_type=product&#038;p=3925"},"modified":"2023-07-20T13:37:14","modified_gmt":"2023-07-20T13:37:14","slug":"okrugli-tepih-2","status":"publish","type":"product","link":"https:\/\/fah-leather.com\/webshop\/product\/okrugli-tepih-2\/","title":{"rendered":"Okrugli tepih"},"content":{"rendered":"","protected":false},"excerpt":{"rendered":"<p>Okrugli tepih od prirodnog krzna je luksuzan i elegantan dodatak svakom prostoru. Izra\u0111en od visokokvalitetnog prirodnog krzna, ovaj tepih pru\u017ea toplinu, udobnost i prefinjenost svakom prostoru u kojem se nalazi.<br \/>\nTepih od prirodnog krzna dolazi u razli\u010ditim bojama i uzorcima, omogu\u0107avaju\u0107i vam da prona\u0111ete onaj koji najbolje odgovara va\u0161em ukusu i stilu ure\u0111enja prostora.<\/p>\n","protected":false},"featured_media":3926,"comment_status":"open","ping_status":"closed","template":"","meta":[],"product_brand":[],"product_cat":[95],"product_tag":[],"class_list":{"0":"post-3925","1":"product","2":"type-product","3":"status-publish","4":"has-post-thumbnail","6":"product_cat-okrugli","8":"first","9":"instock","10":"taxable","11":"shipping-taxable","12":"purchasable","13":"product-type-simple"},"_links":{"self":[{"href":"https:\/\/fah-leather.com\/webshop\/wp-json\/wp\/v2\/product\/3925","targetHints":{"allow":["GET"]}}],"collection":[{"href":"https:\/\/fah-leather.com\/webshop\/wp-json\/wp\/v2\/product"}],"about":[{"href":"https:\/\/fah-leather.com\/webshop\/wp-json\/wp\/v2\/types\/product"}],"replies":[{"embeddable":true,"href":"https:\/\/fah-leather.com\/webshop\/wp-json\/wp\/v2\/comments?post=3925"}],"wp:featuredmedia":[{"embeddable":true,"href":"https:\/\/fah-leather.com\/webshop\/wp-json\/wp\/v2\/media\/3926"}],"wp:attachment":[{"href":"https:\/\/fah-leather.com\/webshop\/wp-json\/wp\/v2\/media?parent=3925"}],"wp:term":[{"taxonomy":"product_brand","embeddable":true,"href":"https:\/\/fah-leather.com\/webshop\/wp-json\/wp\/v2\/product_brand?post=3925"},{"taxonomy":"product_cat","embeddable":true,"href":"https:\/\/fah-leather.com\/webshop\/wp-json\/wp\/v2\/product_cat?post=3925"},{"taxonomy":"product_tag","embeddable":true,"href":"https:\/\/fah-leather.com\/webshop\/wp-json\/wp\/v2\/product_tag?post=3925"}],"curies":[{"name":"wp","href":"https:\/\/api.w.org\/{rel}","templated":true}]}}