{"id":3936,"date":"2023-07-20T13:43:16","date_gmt":"2023-07-20T13:43:16","guid":{"rendered":"https:\/\/fah-leather.com\/webshop\/?post_type=product&#038;p=3936"},"modified":"2023-07-20T13:45:27","modified_gmt":"2023-07-20T13:45:27","slug":"kvadratni-krzneni-tepih-2","status":"publish","type":"product","link":"https:\/\/fah-leather.com\/webshop\/product\/kvadratni-krzneni-tepih-2\/","title":{"rendered":"Kvadratni krzneni tepih"},"content":{"rendered":"","protected":false},"excerpt":{"rendered":"<p>Ukoliko \u017eelite prostor koji \u0107e odisati elegancijom, toplinom i udobno\u0161\u0107u, krzneni tepih je savr\u0161en izbor. Njegov luksuzan izgled i mekani dodir pru\u017ei\u0107e vam osje\u0107aj rasko\u0161i i u\u017eivanja svaki put kada kro\u010dite na njega. Bez sumnje, krzneni tepih \u0107e biti ne samo prakti\u010dan element dekoracije, ve\u0107 i unikatan detalj koji \u0107e oplemeniti svaku prostoriju i ostaviti sna\u017ean utisak na sve koji ga vide i osjete.<\/p>\n","protected":false},"featured_media":3937,"comment_status":"open","ping_status":"closed","template":"","meta":[],"product_brand":[],"product_cat":[96],"product_tag":[],"class_list":{"0":"post-3936","1":"product","2":"type-product","3":"status-publish","4":"has-post-thumbnail","6":"product_cat-kvadratni","8":"first","9":"instock","10":"taxable","11":"shipping-taxable","12":"purchasable","13":"product-type-simple"},"_links":{"self":[{"href":"https:\/\/fah-leather.com\/webshop\/wp-json\/wp\/v2\/product\/3936","targetHints":{"allow":["GET"]}}],"collection":[{"href":"https:\/\/fah-leather.com\/webshop\/wp-json\/wp\/v2\/product"}],"about":[{"href":"https:\/\/fah-leather.com\/webshop\/wp-json\/wp\/v2\/types\/product"}],"replies":[{"embeddable":true,"href":"https:\/\/fah-leather.com\/webshop\/wp-json\/wp\/v2\/comments?post=3936"}],"wp:featuredmedia":[{"embeddable":true,"href":"https:\/\/fah-leather.com\/webshop\/wp-json\/wp\/v2\/media\/3937"}],"wp:attachment":[{"href":"https:\/\/fah-leather.com\/webshop\/wp-json\/wp\/v2\/media?parent=3936"}],"wp:term":[{"taxonomy":"product_brand","embeddable":true,"href":"https:\/\/fah-leather.com\/webshop\/wp-json\/wp\/v2\/product_brand?post=3936"},{"taxonomy":"product_cat","embeddable":true,"href":"https:\/\/fah-leather.com\/webshop\/wp-json\/wp\/v2\/product_cat?post=3936"},{"taxonomy":"product_tag","embeddable":true,"href":"https:\/\/fah-leather.com\/webshop\/wp-json\/wp\/v2\/product_tag?post=3936"}],"curies":[{"name":"wp","href":"https:\/\/api.w.org\/{rel}","templated":true}]}}