{"id":3950,"date":"2023-07-20T13:58:49","date_gmt":"2023-07-20T13:58:49","guid":{"rendered":"https:\/\/fah-leather.com\/webshop\/?post_type=product&#038;p=3950"},"modified":"2023-07-20T13:59:48","modified_gmt":"2023-07-20T13:59:48","slug":"jagnjece-krzno-3","status":"publish","type":"product","link":"https:\/\/fah-leather.com\/webshop\/product\/jagnjece-krzno-3\/","title":{"rendered":"Jagnjece krzno"},"content":{"rendered":"","protected":false},"excerpt":{"rendered":"<p>Jagnjece krzno dolazi u razli\u010ditim bojama i nijansama, od bijele i krem do braon i crne. Osim toga, \u010desto je otporno na habanje, \u0161to ga \u010dini dugotrajnim materijalom kada se pravilno odr\u017eava. Jagnjece krzno je poznato po svojoj prirodnoj toploti, \u0161to ga \u010dini idealnim materijalom za hladne zimske dane.<\/p>\n","protected":false},"featured_media":3952,"comment_status":"open","ping_status":"closed","template":"","meta":[],"product_brand":[],"product_cat":[92,36],"product_tag":[],"class_list":{"0":"post-3950","1":"product","2":"type-product","3":"status-publish","4":"has-post-thumbnail","6":"product_cat-jagnjece-krzno","7":"product_cat-krzno","9":"first","10":"instock","11":"taxable","12":"shipping-taxable","13":"purchasable","14":"product-type-simple"},"_links":{"self":[{"href":"https:\/\/fah-leather.com\/webshop\/wp-json\/wp\/v2\/product\/3950","targetHints":{"allow":["GET"]}}],"collection":[{"href":"https:\/\/fah-leather.com\/webshop\/wp-json\/wp\/v2\/product"}],"about":[{"href":"https:\/\/fah-leather.com\/webshop\/wp-json\/wp\/v2\/types\/product"}],"replies":[{"embeddable":true,"href":"https:\/\/fah-leather.com\/webshop\/wp-json\/wp\/v2\/comments?post=3950"}],"wp:featuredmedia":[{"embeddable":true,"href":"https:\/\/fah-leather.com\/webshop\/wp-json\/wp\/v2\/media\/3952"}],"wp:attachment":[{"href":"https:\/\/fah-leather.com\/webshop\/wp-json\/wp\/v2\/media?parent=3950"}],"wp:term":[{"taxonomy":"product_brand","embeddable":true,"href":"https:\/\/fah-leather.com\/webshop\/wp-json\/wp\/v2\/product_brand?post=3950"},{"taxonomy":"product_cat","embeddable":true,"href":"https:\/\/fah-leather.com\/webshop\/wp-json\/wp\/v2\/product_cat?post=3950"},{"taxonomy":"product_tag","embeddable":true,"href":"https:\/\/fah-leather.com\/webshop\/wp-json\/wp\/v2\/product_tag?post=3950"}],"curies":[{"name":"wp","href":"https:\/\/api.w.org\/{rel}","templated":true}]}}