{"id":3953,"date":"2023-07-20T14:01:25","date_gmt":"2023-07-20T14:01:25","guid":{"rendered":"https:\/\/fah-leather.com\/webshop\/?post_type=product&#038;p=3953"},"modified":"2023-07-20T14:06:07","modified_gmt":"2023-07-20T14:06:07","slug":"krznena-staza","status":"publish","type":"product","link":"https:\/\/fah-leather.com\/webshop\/product\/krznena-staza\/","title":{"rendered":"Krznena staza"},"content":{"rendered":"","protected":false},"excerpt":{"rendered":"<p>Krznena staza je ne samo dekorativan dodatak enterijeru, ve\u0107 i funkcionalan komad koji pru\u017ea dodatnu toplotu, \u0161to je posebno dragoceno u hladnim periodima godine.<\/p>\n<p>Razli\u010diti oblici i dimenzije krznene staze omogu\u0107avaju vam da je prilagodite va\u0161em prostoru i stilu. Mo\u017eete je postaviti u hodnik, dnevni boravak, spava\u0107u sobu ili bilo koji drugi deo doma koji \u017eelite obogatiti elegancijom i toplinom.<\/p>\n","protected":false},"featured_media":3954,"comment_status":"open","ping_status":"closed","template":"","meta":[],"product_brand":[],"product_cat":[38,97],"product_tag":[],"class_list":{"0":"post-3953","1":"product","2":"type-product","3":"status-publish","4":"has-post-thumbnail","6":"product_cat-krzneni-cilimi","7":"product_cat-staze","9":"first","10":"instock","11":"taxable","12":"shipping-taxable","13":"purchasable","14":"product-type-simple"},"_links":{"self":[{"href":"https:\/\/fah-leather.com\/webshop\/wp-json\/wp\/v2\/product\/3953","targetHints":{"allow":["GET"]}}],"collection":[{"href":"https:\/\/fah-leather.com\/webshop\/wp-json\/wp\/v2\/product"}],"about":[{"href":"https:\/\/fah-leather.com\/webshop\/wp-json\/wp\/v2\/types\/product"}],"replies":[{"embeddable":true,"href":"https:\/\/fah-leather.com\/webshop\/wp-json\/wp\/v2\/comments?post=3953"}],"wp:featuredmedia":[{"embeddable":true,"href":"https:\/\/fah-leather.com\/webshop\/wp-json\/wp\/v2\/media\/3954"}],"wp:attachment":[{"href":"https:\/\/fah-leather.com\/webshop\/wp-json\/wp\/v2\/media?parent=3953"}],"wp:term":[{"taxonomy":"product_brand","embeddable":true,"href":"https:\/\/fah-leather.com\/webshop\/wp-json\/wp\/v2\/product_brand?post=3953"},{"taxonomy":"product_cat","embeddable":true,"href":"https:\/\/fah-leather.com\/webshop\/wp-json\/wp\/v2\/product_cat?post=3953"},{"taxonomy":"product_tag","embeddable":true,"href":"https:\/\/fah-leather.com\/webshop\/wp-json\/wp\/v2\/product_tag?post=3953"}],"curies":[{"name":"wp","href":"https:\/\/api.w.org\/{rel}","templated":true}]}}