{"id":4014,"date":"2023-08-02T09:39:17","date_gmt":"2023-08-02T09:39:17","guid":{"rendered":"https:\/\/fah-leather.com\/webshop\/?post_type=product&#038;p=4014"},"modified":"2023-08-02T13:01:32","modified_gmt":"2023-08-02T13:01:32","slug":"staza-sag","status":"publish","type":"product","link":"https:\/\/fah-leather.com\/webshop\/product\/staza-sag\/","title":{"rendered":"SAG"},"content":{"rendered":"<p><strong>Boja:<\/strong> Mix- Crna\/ Bijela\/ Sme\u0111a<\/p>\n<p><strong>Dimenzije:<\/strong> 70 x 160 cm<\/p>\n<p><strong>Sastav:<\/strong> Gove\u0111e krzno\/ Janje\u0107e krzno\/ Ko\u017ea\/ Retex<\/p>\n<p><strong>Tehnika:<\/strong> Kombinacija ma\u0161inskog i ru\u010dnog \u0161ivanja<\/p>\n<p><strong>\u25b8Made in BiH\u2713<\/strong><\/p>\n<p><strong>*Napomena: <\/strong>Va\u017eno je napomenuti da prirodni materijali, poput krzna i ko\u017ee, mogu varirati u nijansama i teksturama. Na\u0161a posve\u0107enost kvalitetu osigurava da \u0107e svaki komad biti pa\u017eljivo provjeren kako bi se osiguralo da zadovolji najvi\u0161e standarde i Va\u0161a o\u010dekivanja. Kao proizvo\u0111a\u010di, izuzetno cijenimo Va\u0161u podr\u0161ku i razumjevanje kada je u pitanju prirodna varijacija u boji krzna, jer upravo ta raznolikost \u010dini na\u0161e proizvode unikatnim i jedinstvenim.<\/p>\n","protected":false},"excerpt":{"rendered":"<p class=\"p1\">Staza <b>Sag<\/b> predstavlja kombinaciju gove\u0111eg krzna sa detaljima od janje\u0107eg krzna, koja \u0107e upotpuniti svaki prostor, bilo da se radi o hodniku, kuhinji ili ulazu u ku\u0107u. Dizajnirana je sa posebnom pa\u017enjom prema detaljima, koriste\u0107i visokokvalitetne prirodne materijale. Gove\u0111e krzno donosi izdr\u017eljivost i trajnost, dok janje\u0107e krzno dodaje eleganciju i toplinu. Ova kombinacija \u010dini stazu &#8220;Sag&#8221; savr\u0161enim dodatkom za enterijer sa sofisticiranim stilom. Staza &#8220;Sag&#8221; predstavlja kombinaciju gove\u0111eg krzna sa detaljima od janje\u0107eg krzna, koja \u0107e upotpuniti svaki prostor, bilo da se radi o hodniku, kuhinji ili ulazu u ku\u0107u. Dizajnirana je sa posebnom pa\u017enjom prema detaljima, koriste\u0107i visokokvalitetne prirodne materijale. Gove\u0111e krzno donosi izdr\u017eljivost i trajnost, dok janje\u0107e krzno dodaje eleganciju i toplinu. Ova kombinacija \u010dini stazu &#8220;Sag&#8221; savr\u0161enim dodatkom za svaki enterijer.<\/p>\n","protected":false},"featured_media":3994,"comment_status":"open","ping_status":"closed","template":"","meta":[],"product_brand":[],"product_cat":[38,34,97],"product_tag":[],"class_list":{"0":"post-4014","1":"product","2":"type-product","3":"status-publish","4":"has-post-thumbnail","6":"product_cat-krzneni-cilimi","7":"product_cat-proizvodi","8":"product_cat-staze","10":"first","11":"instock","12":"taxable","13":"shipping-taxable","14":"purchasable","15":"product-type-simple"},"_links":{"self":[{"href":"https:\/\/fah-leather.com\/webshop\/wp-json\/wp\/v2\/product\/4014","targetHints":{"allow":["GET"]}}],"collection":[{"href":"https:\/\/fah-leather.com\/webshop\/wp-json\/wp\/v2\/product"}],"about":[{"href":"https:\/\/fah-leather.com\/webshop\/wp-json\/wp\/v2\/types\/product"}],"replies":[{"embeddable":true,"href":"https:\/\/fah-leather.com\/webshop\/wp-json\/wp\/v2\/comments?post=4014"}],"wp:featuredmedia":[{"embeddable":true,"href":"https:\/\/fah-leather.com\/webshop\/wp-json\/wp\/v2\/media\/3994"}],"wp:attachment":[{"href":"https:\/\/fah-leather.com\/webshop\/wp-json\/wp\/v2\/media?parent=4014"}],"wp:term":[{"taxonomy":"product_brand","embeddable":true,"href":"https:\/\/fah-leather.com\/webshop\/wp-json\/wp\/v2\/product_brand?post=4014"},{"taxonomy":"product_cat","embeddable":true,"href":"https:\/\/fah-leather.com\/webshop\/wp-json\/wp\/v2\/product_cat?post=4014"},{"taxonomy":"product_tag","embeddable":true,"href":"https:\/\/fah-leather.com\/webshop\/wp-json\/wp\/v2\/product_tag?post=4014"}],"curies":[{"name":"wp","href":"https:\/\/api.w.org\/{rel}","templated":true}]}}