{"id":4026,"date":"2023-08-02T10:29:02","date_gmt":"2023-08-02T10:29:02","guid":{"rendered":"https:\/\/fah-leather.com\/webshop\/?post_type=product&#038;p=4026"},"modified":"2025-04-25T09:09:29","modified_gmt":"2025-04-25T09:09:29","slug":"okrugli-divan","status":"publish","type":"product","link":"https:\/\/fah-leather.com\/webshop\/product\/okrugli-divan\/","title":{"rendered":"DIVAN"},"content":{"rendered":"<p class=\"p1\"><b>Boja:<\/b> Svijetlo sme\u0111i tonovi<\/p>\n<p class=\"p1\"><b>Dimenzije: <\/b>\u00d8 130<\/p>\n<p class=\"p1\"><b>Sastav:<\/b> Gove\u0111e krzno\/ Ko\u017ea\/ Retex<\/p>\n<p class=\"p1\"><b>Tehnika:<\/b> Ru\u010dno \u0161ivanje<\/p>\n<p class=\"p1\"><span class=\"s1\"><b>\u25b8<\/b><\/span><b>Made in BiH<\/b><span class=\"s1\"><b>\u2713<\/b><\/span><\/p>\n<p class=\"p1\"><b>*Napomena:<\/b> Va\u017eno je napomenuti da prirodni materijali, poput krzna, mogu varirati u nijansama i teksturama. Na\u0161a posve\u0107enost kvalitetu osigurava da \u0107e svaki komad biti pa\u017eljivo provjeren kako bi se osiguralo da zadovolji najvi\u0161e standarde i va\u0161a o\u010dekivanja. Kao proizvo\u0111a\u010di, izuzetno cijenimo va\u0161u podr\u0161ku i razumjevanje kada je u pitanju prirodna varijacija u boji krzna, jer upravo ta raznolikost \u010dini na\u0161e proizvode unikatnim i jedinstvenim.<\/p>\n","protected":false},"excerpt":{"rendered":"<p>Okrugli oblik tepiha daje zanimljiv i privla\u010dan element dizajna va\u0161em prostoru. Bez obzira radi li se o dnevnoj sobi, spava\u0107oj sobi ili predsoblju, ovaj tepih \u0107e istaknuti estetiku va\u0161eg enterijera. Donesite komad unikatnosti i elegancije u svoj dom i stvorite ugodnu atmosferu.<\/p>\n","protected":false},"featured_media":4045,"comment_status":"open","ping_status":"closed","template":"","meta":[],"product_brand":[],"product_cat":[38,95,34],"product_tag":[],"class_list":{"0":"post-4026","1":"product","2":"type-product","3":"status-publish","4":"has-post-thumbnail","6":"product_cat-krzneni-cilimi","7":"product_cat-okrugli","8":"product_cat-proizvodi","10":"first","11":"instock","12":"taxable","13":"shipping-taxable","14":"purchasable","15":"product-type-simple"},"_links":{"self":[{"href":"https:\/\/fah-leather.com\/webshop\/wp-json\/wp\/v2\/product\/4026","targetHints":{"allow":["GET"]}}],"collection":[{"href":"https:\/\/fah-leather.com\/webshop\/wp-json\/wp\/v2\/product"}],"about":[{"href":"https:\/\/fah-leather.com\/webshop\/wp-json\/wp\/v2\/types\/product"}],"replies":[{"embeddable":true,"href":"https:\/\/fah-leather.com\/webshop\/wp-json\/wp\/v2\/comments?post=4026"}],"wp:featuredmedia":[{"embeddable":true,"href":"https:\/\/fah-leather.com\/webshop\/wp-json\/wp\/v2\/media\/4045"}],"wp:attachment":[{"href":"https:\/\/fah-leather.com\/webshop\/wp-json\/wp\/v2\/media?parent=4026"}],"wp:term":[{"taxonomy":"product_brand","embeddable":true,"href":"https:\/\/fah-leather.com\/webshop\/wp-json\/wp\/v2\/product_brand?post=4026"},{"taxonomy":"product_cat","embeddable":true,"href":"https:\/\/fah-leather.com\/webshop\/wp-json\/wp\/v2\/product_cat?post=4026"},{"taxonomy":"product_tag","embeddable":true,"href":"https:\/\/fah-leather.com\/webshop\/wp-json\/wp\/v2\/product_tag?post=4026"}],"curies":[{"name":"wp","href":"https:\/\/api.w.org\/{rel}","templated":true}]}}